{"id":168,"date":"2023-09-10T17:01:35","date_gmt":"2023-09-10T15:01:35","guid":{"rendered":"https:\/\/guidestrasbourg.com\/?page_id=168"},"modified":"2025-10-30T16:50:19","modified_gmt":"2025-10-30T15:50:19","slug":"mentions-legales","status":"publish","type":"page","link":"https:\/\/guidestrasbourg.com\/en\/mentions-legales\/","title":{"rendered":"Mentions L\u00e9gales"},"content":{"rendered":"<div data-elementor-type=\"wp-page\" data-elementor-id=\"168\" class=\"elementor elementor-168\" data-elementor-post-type=\"page\">\n\t\t\t\t\t\t<section class=\"elementor-section elementor-top-section elementor-element elementor-element-39f06579 elementor-section-boxed elementor-section-height-default elementor-section-height-default elementor-invisible\" data-id=\"39f06579\" data-element_type=\"section\" data-e-type=\"section\" data-settings=\"{&quot;background_background&quot;:&quot;classic&quot;,&quot;animation&quot;:&quot;fadeIn&quot;}\">\n\t\t\t\t\t\t\t<div class=\"elementor-background-overlay\"><\/div>\n\t\t\t\t\t\t\t<div class=\"elementor-container elementor-column-gap-default\">\n\t\t\t\t\t<div class=\"elementor-column elementor-col-100 elementor-top-column elementor-element elementor-element-68107c07\" data-id=\"68107c07\" data-element_type=\"column\" data-e-type=\"column\">\n\t\t\t<div class=\"elementor-widget-wrap elementor-element-populated\">\n\t\t\t\t\t\t<div class=\"elementor-element elementor-element-9ec82d0 elementor-invisible elementor-widget elementor-widget-heading\" data-id=\"9ec82d0\" data-element_type=\"widget\" data-e-type=\"widget\" data-settings=\"{&quot;_animation&quot;:&quot;fadeInUp&quot;}\" data-widget_type=\"heading.default\">\n\t\t\t\t<div class=\"elementor-widget-container\">\n\t\t\t\t\t<h1 class=\"elementor-heading-title elementor-size-default\">Mentions L\u00e9gales<\/h1>\t\t\t\t<\/div>\n\t\t\t\t<\/div>\n\t\t\t\t\t<\/div>\n\t\t<\/div>\n\t\t\t\t\t<\/div>\n\t\t<\/section>\n\t\t\t\t<section class=\"elementor-section elementor-top-section elementor-element elementor-element-4cc707c1 elementor-reverse-mobile elementor-section-boxed elementor-section-height-default elementor-section-height-default\" data-id=\"4cc707c1\" data-element_type=\"section\" data-e-type=\"section\">\n\t\t\t\t\t\t<div class=\"elementor-container elementor-column-gap-default\">\n\t\t\t\t\t<div class=\"elementor-column elementor-col-100 elementor-top-column elementor-element elementor-element-ed9190c\" data-id=\"ed9190c\" data-element_type=\"column\" data-e-type=\"column\">\n\t\t\t<div class=\"elementor-widget-wrap elementor-element-populated\">\n\t\t\t\t\t\t<div class=\"elementor-element elementor-element-804f428 elementor-widget elementor-widget-heading\" data-id=\"804f428\" data-element_type=\"widget\" data-e-type=\"widget\" data-widget_type=\"heading.default\">\n\t\t\t\t<div class=\"elementor-widget-container\">\n\t\t\t\t\t<h2 class=\"elementor-heading-title elementor-size-default\">Editeur<\/h2>\t\t\t\t<\/div>\n\t\t\t\t<\/div>\n\t\t\t\t<div class=\"elementor-element elementor-element-b23d35f elementor-widget elementor-widget-text-editor\" data-id=\"b23d35f\" data-element_type=\"widget\" data-e-type=\"widget\" data-widget_type=\"text-editor.default\">\n\t\t\t\t<div class=\"elementor-widget-container\">\n\t\t\t\t\t\t\t\t\t<p>Le site www.guidestrasbourg.com est \u00e9dit\u00e9 par la soci\u00e9t\u00e9 :<\/p><p><strong>EI Maxime LARAVINE<\/strong><\/p><p>Adresse : 5 rue de Wesserling, 67100 STRASBOURG<br \/>T\u00e9l\u00e9phone : +33 (0)6 88 43 48 23<\/p><p>SIRET : 880 555 081 00012<\/p>\t\t\t\t\t\t\t\t<\/div>\n\t\t\t\t<\/div>\n\t\t\t\t<div class=\"elementor-element elementor-element-6487d1d elementor-widget elementor-widget-heading\" data-id=\"6487d1d\" data-element_type=\"widget\" data-e-type=\"widget\" data-widget_type=\"heading.default\">\n\t\t\t\t<div class=\"elementor-widget-container\">\n\t\t\t\t\t<h2 class=\"elementor-heading-title elementor-size-default\">Directeur de la publication<\/h2>\t\t\t\t<\/div>\n\t\t\t\t<\/div>\n\t\t\t\t<div class=\"elementor-element elementor-element-eb3ea26 elementor-widget elementor-widget-text-editor\" data-id=\"eb3ea26\" data-element_type=\"widget\" data-e-type=\"widget\" data-widget_type=\"text-editor.default\">\n\t\t\t\t<div class=\"elementor-widget-container\">\n\t\t\t\t\t\t\t\t\t<p>Le directeur de la publication du site www.guidestrasbourg.com est Maxime LARAVINE.<\/p>\t\t\t\t\t\t\t\t<\/div>\n\t\t\t\t<\/div>\n\t\t\t\t<div class=\"elementor-element elementor-element-9f98681 elementor-widget elementor-widget-heading\" data-id=\"9f98681\" data-element_type=\"widget\" data-e-type=\"widget\" data-widget_type=\"heading.default\">\n\t\t\t\t<div class=\"elementor-widget-container\">\n\t\t\t\t\t<h2 class=\"elementor-heading-title elementor-size-default\">H\u00e9bergeur<\/h2>\t\t\t\t<\/div>\n\t\t\t\t<\/div>\n\t\t\t\t<div class=\"elementor-element elementor-element-ebcdd7a elementor-widget elementor-widget-text-editor\" data-id=\"ebcdd7a\" data-element_type=\"widget\" data-e-type=\"widget\" data-widget_type=\"text-editor.default\">\n\t\t\t\t<div class=\"elementor-widget-container\">\n\t\t\t\t\t\t\t\t\t<p>Le site www.guidestrasbourg.com est h\u00e9berg\u00e9 par la soci\u00e9t\u00e9 :<\/p><p>OVH<\/p>\n<p>SAS au capital de 50 000 000 \u20ac<\/p>\n<p>RCS Lille M\u00e9tropole 424 761 419 00045<br>Code APE 2620Z<br>N\u00b0 TVA : FR 22 424 761 419<br>Si\u00e8ge social : 2 rue Kellermann &#8211; 59100 Roubaix &#8211; France<\/p>\t\t\t\t\t\t\t\t<\/div>\n\t\t\t\t<\/div>\n\t\t\t\t<div class=\"elementor-element elementor-element-7099f7c elementor-widget elementor-widget-text-editor\" data-id=\"7099f7c\" data-element_type=\"widget\" data-e-type=\"widget\" data-widget_type=\"text-editor.default\">\n\t\t\t\t<div class=\"elementor-widget-container\">\n\t\t\t\t\t\t\t\t\t<p>Ce site a \u00e9t\u00e9 con\u00e7u et d\u00e9velopp\u00e9 par FlowYourSite<\/p><p><a href=\"http:\/\/www.flowyoursite.com\">www.flowyoursite.com<\/a> &#8211; <a href=\"\/en\/contact@flowyoursite.com\/\">contact@flowyoursite.com<\/a><\/p>\t\t\t\t\t\t\t\t<\/div>\n\t\t\t\t<\/div>\n\t\t\t\t<div class=\"elementor-element elementor-element-9ea61f8 elementor-widget-divider--view-line elementor-widget elementor-widget-divider\" data-id=\"9ea61f8\" data-element_type=\"widget\" data-e-type=\"widget\" data-widget_type=\"divider.default\">\n\t\t\t\t<div class=\"elementor-widget-container\">\n\t\t\t\t\t\t\t<div class=\"elementor-divider\">\n\t\t\t<span class=\"elementor-divider-separator\">\n\t\t\t\t\t\t<\/span>\n\t\t<\/div>\n\t\t\t\t\t\t<\/div>\n\t\t\t\t<\/div>\n\t\t\t\t<div class=\"elementor-element elementor-element-057c113 elementor-widget elementor-widget-heading\" data-id=\"057c113\" data-element_type=\"widget\" data-e-type=\"widget\" data-widget_type=\"heading.default\">\n\t\t\t\t<div class=\"elementor-widget-container\">\n\t\t\t\t\t<h2 class=\"elementor-heading-title elementor-size-default\">legal notice<\/h2>\t\t\t\t<\/div>\n\t\t\t\t<\/div>\n\t\t\t\t<div class=\"elementor-element elementor-element-e290a23 elementor-widget elementor-widget-heading\" data-id=\"e290a23\" data-element_type=\"widget\" data-e-type=\"widget\" data-widget_type=\"heading.default\">\n\t\t\t\t<div class=\"elementor-widget-container\">\n\t\t\t\t\t<h2 class=\"elementor-heading-title elementor-size-default\">Article 1 - Objet<\/h2>\t\t\t\t<\/div>\n\t\t\t\t<\/div>\n\t\t\t\t<div class=\"elementor-element elementor-element-486556a elementor-widget elementor-widget-text-editor\" data-id=\"486556a\" data-element_type=\"widget\" data-e-type=\"widget\" data-widget_type=\"text-editor.default\">\n\t\t\t\t<div class=\"elementor-widget-container\">\n\t\t\t\t\t\t\t\t\t<p>Les pr\u00e9sentes Conditions G\u00e9n\u00e9rales d\u2019Utilisation (\u00ab CGU \u00bb) ont pour objet l\u2019organisation des conditions et des modalit\u00e9s sous lesquelles la soci\u00e9t\u00e9 EI Maxime LARAVINE, fournit \u00e0 tout utilisateur (\u00ab l\u2019Utilisateur \u00bb ou \u00ab vous \u00bb), acc\u00e8s \u00e0 son site internet (le Site) accessible \u00e0 l\u2019adresse www.guidestrasbourg.com<\/p>\n\n<p>Le site a pour objet :<\/p>\n<ul>\n \t<li>la pr\u00e9sentation et la promotion de l&rsquo;activit\u00e9 de Guide Touristique Conf\u00e9rencier de Maxime LARAVINE ;<\/li>\n \t<li>la promotion du tourisme dans la r\u00e9gion de Strasbourg, en Alsace et en France ;<\/li>\n<\/ul>\n&nbsp;\n\n<p>Les pr\u00e9sentes CGU pourront \u00eatre modifi\u00e9es unilat\u00e9ralement et sans pr\u00e9avis par l\u2019\u00c9diteur, aussi il est conseill\u00e9 \u00e0 l\u2019Utilisateur de v\u00e9rifier fr\u00e9quemment si celles-ci n\u2019ont pas fait l\u2019objet de modifications.<\/p>\n\n<p>En naviguant sur le site, l\u2019Utilisateur reconna\u00eet avoir pris connaissance des pr\u00e9sentes CGU et les accepter sans r\u00e9serve.<\/p>\n\n<p>Les CGU applicables sont celles en vigueur et publi\u00e9es sur le Site lors de l\u2019acc\u00e8s en cause par l\u2019Utilisateur.<\/p>\t\t\t\t\t\t\t\t<\/div>\n\t\t\t\t<\/div>\n\t\t\t\t<div class=\"elementor-element elementor-element-ab00be5 elementor-widget elementor-widget-heading\" data-id=\"ab00be5\" data-element_type=\"widget\" data-e-type=\"widget\" data-widget_type=\"heading.default\">\n\t\t\t\t<div class=\"elementor-widget-container\">\n\t\t\t\t\t<h2 class=\"elementor-heading-title elementor-size-default\">Article 2 - Comportement des Utilisateurs du Site<\/h2>\t\t\t\t<\/div>\n\t\t\t\t<\/div>\n\t\t\t\t<div class=\"elementor-element elementor-element-cc336fd elementor-widget elementor-widget-text-editor\" data-id=\"cc336fd\" data-element_type=\"widget\" data-e-type=\"widget\" data-widget_type=\"text-editor.default\">\n\t\t\t\t<div class=\"elementor-widget-container\">\n\t\t\t\t\t\t\t\t\t<p class=\"textearticle\">En utilisant le Site, vous vous engagez \u00e0 ne pas pratiquer \u00e0 l\u2019encontre du Site tout comportement d\u00e9loyal, injurieux ou d\u00e9lictueux, notamment constitutif d\u2019infractions r\u00e9prim\u00e9es par la loi. Exemples : attaques en d\u00e9ni de service, usurpation d\u2019identit\u00e9, tentative d\u2019infiltration dans les syst\u00e8mes de traitements automatis\u00e9s de donn\u00e9es et syst\u00e8mes d\u2019information de l\u2019\u00c9diteur, comportements injurieux ou diffamatoires \u00e0 l\u2019encontre du Site ou des Utilisateurs du Site, transmission d\u2019\u00e9l\u00e9ments publicitaires ou promotionnels non sollicit\u00e9s, transmission de virus logiciels ou autres codes, fichiers ou programmes informatiques con\u00e7us pour interrompre, d\u00e9truire ou limiter la fonctionnalit\u00e9 du Site, etc.<\/p><p class=\"textearticle\">Vous \u00eates seul responsable de la mise en place des moyens informatiques et de t\u00e9l\u00e9communications permettant l\u2019acc\u00e8s au Site.<\/p><p class=\"textearticle\">Tous les contenus accessibles sur le Site sont r\u00e9serv\u00e9s \u00e0 une utilisation personnelle.<\/p>\t\t\t\t\t\t\t\t<\/div>\n\t\t\t\t<\/div>\n\t\t\t\t<div class=\"elementor-element elementor-element-360cf94 elementor-widget elementor-widget-heading\" data-id=\"360cf94\" data-element_type=\"widget\" data-e-type=\"widget\" data-widget_type=\"heading.default\">\n\t\t\t\t<div class=\"elementor-widget-container\">\n\t\t\t\t\t<h2 class=\"elementor-heading-title elementor-size-default\">Article 3 - Propri\u00e9t\u00e9 Intellectuelle<\/h2>\t\t\t\t<\/div>\n\t\t\t\t<\/div>\n\t\t\t\t<div class=\"elementor-element elementor-element-2f9da14 elementor-widget elementor-widget-text-editor\" data-id=\"2f9da14\" data-element_type=\"widget\" data-e-type=\"widget\" data-widget_type=\"text-editor.default\">\n\t\t\t\t<div class=\"elementor-widget-container\">\n\t\t\t\t\t\t\t\t\t<p class=\"textearticle\">L\u2019\u00e9diteur est titulaire de tous les droits de propri\u00e9t\u00e9 intellectuelle relatifs au Site.<\/p><p class=\"textearticle\">L&rsquo;acc\u00e8s au pr\u00e9sent Site internet ne conf\u00e8re \u00e0 l\u2019Utilisateur aucun droit sur les droits de propri\u00e9t\u00e9 intellectuelle relatifs au Site qui restent la propri\u00e9t\u00e9 exclusive de l\u2019\u00c9diteur.<\/p><p class=\"textearticle\">La structure g\u00e9n\u00e9rale du Site, mais aussi les \u00e9l\u00e9ments accessibles sur le Site, notamment sous forme de textes, photographies, images anim\u00e9es ou non, ic\u00f4nes, cartes, sons, vid\u00e9os, logiciels, base de donn\u00e9es, donn\u00e9es et tous les autres \u00e9l\u00e9ments composant le Site sont la propri\u00e9t\u00e9 exclusive de l\u2019\u00c9diteur.<\/p><p class=\"textearticle\">L\u2019Utilisateur ne peut, en aucun cas, reproduire, repr\u00e9senter, modifier, transmettre, publier, adapter, sur quelque support que ce soit, par quelque moyen que ce soit, ou exploiter de quelque mani\u00e8re que ce soit, tout ou partie du Site sans l&rsquo;autorisation \u00e9crite pr\u00e9alable de l\u2019\u00c9diteur. L\u2019Utilisateur est inform\u00e9 que cette interdiction vise notamment, mais pas exclusivement, des pratiques telles que le scrapping ou l&rsquo;utilisation de robots \u00e0 des fins d&rsquo;extraction, de reproduction de tout \u00e9l\u00e9ment du Site, y compris les offres de produits qui y sont pr\u00e9sent\u00e9es, notamment \u00e0 des fins commerciales.<\/p><p class=\"textearticle\">L&rsquo;exploitation non pr\u00e9alablement autoris\u00e9e par l\u2019\u00c9diteur \u00e0 quelque titre que ce soit, de tout ou partie du Site ou des marques y aff\u00e9rent pourra faire l&rsquo;objet de toute action appropri\u00e9e, notamment d&rsquo;une action en contrefa\u00e7on. L&rsquo;insertion de liens hypertextes vers toute partie du Site est interdite sans autorisation pr\u00e9alable et \u00e9crite de l\u2019\u00c9diteur.<\/p>\t\t\t\t\t\t\t\t<\/div>\n\t\t\t\t<\/div>\n\t\t\t\t<div class=\"elementor-element elementor-element-df25ca0 elementor-widget elementor-widget-heading\" data-id=\"df25ca0\" data-element_type=\"widget\" data-e-type=\"widget\" data-widget_type=\"heading.default\">\n\t\t\t\t<div class=\"elementor-widget-container\">\n\t\t\t\t\t<h2 class=\"elementor-heading-title elementor-size-default\">Article 4 - Liens Hypertextes<\/h2>\t\t\t\t<\/div>\n\t\t\t\t<\/div>\n\t\t\t\t<div class=\"elementor-element elementor-element-949d0c9 elementor-widget elementor-widget-text-editor\" data-id=\"949d0c9\" data-element_type=\"widget\" data-e-type=\"widget\" data-widget_type=\"text-editor.default\">\n\t\t\t\t<div class=\"elementor-widget-container\">\n\t\t\t\t\t\t\t\t\t<p class=\"textearticle\">Le Site peut proposer des liens vers d&rsquo;autres sites internet ou applications ou d&rsquo;autres sources d&rsquo;informations g\u00e9r\u00e9s par des sites partenaires. Dans la mesure o\u00f9 l\u2019\u00c9diteur ne peut exercer un contr\u00f4le sur ces services partenaires et ces sources externes, elle ne prend aucun engagement quant \u00e0 la mise \u00e0 disposition et le contenu de ces sites et sources externes, et d\u00e9cline toute responsabilit\u00e9 quant au contenu, publicit\u00e9s, produits, services ou tout autre mat\u00e9riel disponible sur ou \u00e0 partir de ces sites ou sources externes. L\u2019\u00c9diteur d\u00e9cline \u00e9galement toute responsabilit\u00e9 quant aux dommages ou pertes av\u00e9r\u00e9s ou all\u00e9gu\u00e9s, cons\u00e9cutifs ou en relation avec l&rsquo;utilisation, ou avec le fait d&rsquo;avoir fait confiance au contenu, \u00e0 des biens ou des services disponibles sur ces services partenaires ou sources externes.<\/p><p class=\"textearticle\">La mise en place de liens vers le Site n&rsquo;est conditionn\u00e9e \u00e0 aucun accord pr\u00e9alable, mais la personne qui la r\u00e9alise s\u2019engage \u00e0 respecter la l\u00e9gislation en vigueur. Seule la mention explicite du Site dans l&rsquo;intitul\u00e9 du lien, est exig\u00e9e. Il convient toutefois d&rsquo;afficher le Site dans une nouvelle fen\u00eatre ou un nouvel onglet du navigateur et de ne pas utiliser la technique de <i>framing<\/i>. Cependant, l\u2019\u00c9diteur se r\u00e9serve le droit de demander la suppression d&rsquo;un lien qu&rsquo;il estime non conforme \u00e0 l&rsquo;objet du Site (notamment aux pr\u00e9sentes CGU), diffamant, contrefaisant, parasitant ou contrevenant \u00e0 ses droits ou \u00e0 ceux des tiers.<\/p><p class=\"textearticle\">Dans tous les cas, les liens profonds vers le Site sont express\u00e9ment interdits.<\/p>\t\t\t\t\t\t\t\t<\/div>\n\t\t\t\t<\/div>\n\t\t\t\t<div class=\"elementor-element elementor-element-459e439 elementor-widget elementor-widget-heading\" data-id=\"459e439\" data-element_type=\"widget\" data-e-type=\"widget\" data-widget_type=\"heading.default\">\n\t\t\t\t<div class=\"elementor-widget-container\">\n\t\t\t\t\t<h2 class=\"elementor-heading-title elementor-size-default\">Article 5 - Limitation de Responsabilit\u00e9<\/h2>\t\t\t\t<\/div>\n\t\t\t\t<\/div>\n\t\t\t\t<div class=\"elementor-element elementor-element-caa3954 elementor-widget elementor-widget-heading\" data-id=\"caa3954\" data-element_type=\"widget\" data-e-type=\"widget\" data-widget_type=\"heading.default\">\n\t\t\t\t<div class=\"elementor-widget-container\">\n\t\t\t\t\t<h2 class=\"elementor-heading-title elementor-size-default\">6.1 - Limitation de responsabilit\u00e9 quant au fonctionnement du Site<\/h2>\t\t\t\t<\/div>\n\t\t\t\t<\/div>\n\t\t\t\t<div class=\"elementor-element elementor-element-499afd8 elementor-widget elementor-widget-text-editor\" data-id=\"499afd8\" data-element_type=\"widget\" data-e-type=\"widget\" data-widget_type=\"text-editor.default\">\n\t\t\t\t<div class=\"elementor-widget-container\">\n\t\t\t\t\t\t\t\t\t<p class=\"textearticle\">L\u2019\u00c9diteur s\u2019engage \u00e0 veiller au bon fonctionnement du Site, cependant sa responsabilit\u00e9 ne saurait \u00eatre engag\u00e9e pour tous les inconv\u00e9nients ou dommages que l\u2019Utilisateur pourrait subir du fait de l\u2019utilisation du Site ou des inconv\u00e9nients ou dommages inh\u00e9rents \u00e0 l&rsquo;utilisation du r\u00e9seau Internet, notamment une rupture de service, une intrusion ext\u00e9rieure ou la pr\u00e9sence de virus informatiques.<\/p>\t\t\t\t\t\t\t\t<\/div>\n\t\t\t\t<\/div>\n\t\t\t\t<div class=\"elementor-element elementor-element-e0c3572 elementor-widget elementor-widget-heading\" data-id=\"e0c3572\" data-element_type=\"widget\" data-e-type=\"widget\" data-widget_type=\"heading.default\">\n\t\t\t\t<div class=\"elementor-widget-container\">\n\t\t\t\t\t<h2 class=\"elementor-heading-title elementor-size-default\">6.2 - Limite de responsabilit\u00e9 quant \u00e0 l\u2019objet du site <\/h2>\t\t\t\t<\/div>\n\t\t\t\t<\/div>\n\t\t\t\t<div class=\"elementor-element elementor-element-70c223a elementor-widget elementor-widget-text-editor\" data-id=\"70c223a\" data-element_type=\"widget\" data-e-type=\"widget\" data-widget_type=\"text-editor.default\">\n\t\t\t\t<div class=\"elementor-widget-container\">\n\t\t\t\t\t\t\t\t\t<p class=\"textearticle\">L\u2019\u00c9diteur n\u2019est pas responsable d\u2019un quelconque dommage direct ou indirect ayant son origine dans l\u2019utilisation du Site qui ne serait pas conforme aux pr\u00e9sentes CGU.<\/p>\n<p class=\"textearticle\">De mani\u00e8re g\u00e9n\u00e9rale, l\u2019\u00c9diteur ne fait aucune garantie quant aux conditions de diffusion, \u00e0 la qualit\u00e9 de diffusion et de transmission, d\u2019accessibilit\u00e9 des contenus publi\u00e9s sur le Site.<\/p>\n<p class=\"textearticle\">Le contenu mis \u00e0 disposition sur le Site est fourni \u00e0 titre informatif.<\/p>\n<p class=\"textearticle\">La responsabilit\u00e9 de l\u2019\u00c9diteur ne saurait \u00eatre engag\u00e9e du fait des informations, opinions et recommandations formul\u00e9es par des tiers.<\/p>\n<p class=\"textearticle\">En outre, l\u2019\u00c9diteur ne sera pas, en cas de manquement ou retard dans l&rsquo;ex\u00e9cution de ses obligations, en cas de :<\/p>\n<ul>\n<li>Faute, n\u00e9gligence, omission ou d\u00e9faillance d\u2019un Utilisateur ;<\/li>\n<li>Faute, n\u00e9gligence, omission ou d\u00e9faillance d\u2019un tiers, sur lequel l\u2019\u00c9diteur n\u2019a aucun pouvoir de contr\u00f4le et de surveillance.<\/li>\n<\/ul>\t\t\t\t\t\t\t\t<\/div>\n\t\t\t\t<\/div>\n\t\t\t\t<div class=\"elementor-element elementor-element-0935f27 elementor-widget elementor-widget-heading\" data-id=\"0935f27\" data-element_type=\"widget\" data-e-type=\"widget\" data-widget_type=\"heading.default\">\n\t\t\t\t<div class=\"elementor-widget-container\">\n\t\t\t\t\t<h2 class=\"elementor-heading-title elementor-size-default\">Article 6 - Donn\u00e9es \u00e0 Caract\u00e8re Personnel<\/h2>\t\t\t\t<\/div>\n\t\t\t\t<\/div>\n\t\t\t\t<div class=\"elementor-element elementor-element-2999b6b elementor-widget elementor-widget-text-editor\" data-id=\"2999b6b\" data-element_type=\"widget\" data-e-type=\"widget\" data-widget_type=\"text-editor.default\">\n\t\t\t\t<div class=\"elementor-widget-container\">\n\t\t\t\t\t\t\t\t\t<p class=\"textearticle\">L\u2019\u00c9diteur collecte et traite des donn\u00e9es \u00e0 caract\u00e8re personnel dans le cadre de l\u2019exploitation du site, selon les modalit\u00e9s identifi\u00e9es dans la politique de confidentialit\u00e9 et dans la politique de cookies.<\/p>\t\t\t\t\t\t\t\t<\/div>\n\t\t\t\t<\/div>\n\t\t\t\t<div class=\"elementor-element elementor-element-34beec6 elementor-widget elementor-widget-heading\" data-id=\"34beec6\" data-element_type=\"widget\" data-e-type=\"widget\" data-widget_type=\"heading.default\">\n\t\t\t\t<div class=\"elementor-widget-container\">\n\t\t\t\t\t<h2 class=\"elementor-heading-title elementor-size-default\">Article 7 - Divers<\/h2>\t\t\t\t<\/div>\n\t\t\t\t<\/div>\n\t\t\t\t<div class=\"elementor-element elementor-element-e6ae148 elementor-widget elementor-widget-heading\" data-id=\"e6ae148\" data-element_type=\"widget\" data-e-type=\"widget\" data-widget_type=\"heading.default\">\n\t\t\t\t<div class=\"elementor-widget-container\">\n\t\t\t\t\t<h2 class=\"elementor-heading-title elementor-size-default\">7.1 - Dur\u00e9e<\/h2>\t\t\t\t<\/div>\n\t\t\t\t<\/div>\n\t\t\t\t<div class=\"elementor-element elementor-element-31f1577 elementor-widget elementor-widget-text-editor\" data-id=\"31f1577\" data-element_type=\"widget\" data-e-type=\"widget\" data-widget_type=\"text-editor.default\">\n\t\t\t\t<div class=\"elementor-widget-container\">\n\t\t\t\t\t\t\t\t\t<p class=\"textearticle\">Les pr\u00e9sentes CGU vous restent opposables tant que vous \u00eates Utilisateur du Site.<\/p>\t\t\t\t\t\t\t\t<\/div>\n\t\t\t\t<\/div>\n\t\t\t\t<div class=\"elementor-element elementor-element-91dc146 elementor-widget elementor-widget-heading\" data-id=\"91dc146\" data-element_type=\"widget\" data-e-type=\"widget\" data-widget_type=\"heading.default\">\n\t\t\t\t<div class=\"elementor-widget-container\">\n\t\t\t\t\t<h2 class=\"elementor-heading-title elementor-size-default\">7.2 - Tol\u00e9rance<\/h2>\t\t\t\t<\/div>\n\t\t\t\t<\/div>\n\t\t\t\t<div class=\"elementor-element elementor-element-45bfce1 elementor-widget elementor-widget-text-editor\" data-id=\"45bfce1\" data-element_type=\"widget\" data-e-type=\"widget\" data-widget_type=\"text-editor.default\">\n\t\t\t\t<div class=\"elementor-widget-container\">\n\t\t\t\t\t\t\t\t\t<p class=\"textearticle\">Le fait pour l\u2019une des Parties de ne pas exiger \u00e0 un moment quelconque l\u2019ex\u00e9cution stricte par l\u2019autre Partie d\u2019une disposition ou condition quelconque des pr\u00e9sentes CGU ne sera pas r\u00e9put\u00e9 constituer une renonciation d\u00e9finitive \u00e0 cette disposition ou condition.<\/p>\t\t\t\t\t\t\t\t<\/div>\n\t\t\t\t<\/div>\n\t\t\t\t<div class=\"elementor-element elementor-element-0cacdc7 elementor-widget elementor-widget-heading\" data-id=\"0cacdc7\" data-element_type=\"widget\" data-e-type=\"widget\" data-widget_type=\"heading.default\">\n\t\t\t\t<div class=\"elementor-widget-container\">\n\t\t\t\t\t<h2 class=\"elementor-heading-title elementor-size-default\">7.3 - Nullit\u00e9 d'une clause<\/h2>\t\t\t\t<\/div>\n\t\t\t\t<\/div>\n\t\t\t\t<div class=\"elementor-element elementor-element-ded34ca elementor-widget elementor-widget-text-editor\" data-id=\"ded34ca\" data-element_type=\"widget\" data-e-type=\"widget\" data-widget_type=\"text-editor.default\">\n\t\t\t\t<div class=\"elementor-widget-container\">\n\t\t\t\t\t\t\t\t\t<p class=\"textearticle\">Si l\u2019une des clauses non essentielles des CGU s\u2019av\u00e9rait nulle ou inapplicable en vertu d\u2019une loi ou d\u2019un r\u00e8glement ou \u00e0 la suite d\u2019une d\u00e9cision ex\u00e9cutoire d\u2019une juridiction ou d\u2019une autorit\u00e9 comp\u00e9tente, les Parties conviennent express\u00e9ment que les pr\u00e9sentes ne seront pas affect\u00e9es par la nullit\u00e9 de la clause en question.<\/p>\t\t\t\t\t\t\t\t<\/div>\n\t\t\t\t<\/div>\n\t\t\t\t<div class=\"elementor-element elementor-element-be1c12b elementor-widget elementor-widget-heading\" data-id=\"be1c12b\" data-element_type=\"widget\" data-e-type=\"widget\" data-widget_type=\"heading.default\">\n\t\t\t\t<div class=\"elementor-widget-container\">\n\t\t\t\t\t<h2 class=\"elementor-heading-title elementor-size-default\">Article 8 - Loi Applicable \/ Juridiction Comp\u00e9tente<\/h2>\t\t\t\t<\/div>\n\t\t\t\t<\/div>\n\t\t\t\t<div class=\"elementor-element elementor-element-0eefcff elementor-widget elementor-widget-text-editor\" data-id=\"0eefcff\" data-element_type=\"widget\" data-e-type=\"widget\" data-widget_type=\"text-editor.default\">\n\t\t\t\t<div class=\"elementor-widget-container\">\n\t\t\t\t\t\t\t\t\t<p>Les pr\u00e9sentes CGU sont soumises au droit fran\u00e7ais, tant pour les r\u00e8gles de fond que pour les r\u00e8gles de forme, quel que soit le pays de r\u00e9sidence de l\u2019Utilisateur.<\/p><p class=\"textearticle\">En cas de litige, comp\u00e9tence expresse est attribu\u00e9e au tribunal comp\u00e9tent de STRASBOURG, nonobstant pluralit\u00e9 de d\u00e9fendeurs ou appel en garantie, m\u00eame pour les proc\u00e9dures d&rsquo;urgence ou les proc\u00e9dures conservatoires, en r\u00e9f\u00e8re ou par requ\u00eate.<\/p>\t\t\t\t\t\t\t\t<\/div>\n\t\t\t\t<\/div>\n\t\t\t\t\t<\/div>\n\t\t<\/div>\n\t\t\t\t\t<\/div>\n\t\t<\/section>\n\t\t\t\t<\/div>","protected":false},"excerpt":{"rendered":"<p>Editeur Le site www.guidestrasbourg.com est \u00e9dit\u00e9 par la soci\u00e9t\u00e9 : EI Maxime LARAVINE Adresse : 5 rue de Wesserling, 67100 STRASBOURGT\u00e9l\u00e9phone : +33 (0)6 88 43 48 23 SIRET : 880 555 081 00012 Directeur de la publication Le directeur de la publication du site www.guidestrasbourg.com est Maxime LARAVINE. H\u00e9bergeur Le site www.guidestrasbourg.com est h\u00e9berg\u00e9 [&hellip;]<\/p>","protected":false},"author":3,"featured_media":0,"parent":0,"menu_order":0,"comment_status":"closed","ping_status":"closed","template":"elementor_header_footer","meta":{"footnotes":""},"class_list":["post-168","page","type-page","status-publish","hentry"],"aioseo_notices":[],"_links":{"self":[{"href":"https:\/\/guidestrasbourg.com\/en\/wp-json\/wp\/v2\/pages\/168","targetHints":{"allow":["GET"]}}],"collection":[{"href":"https:\/\/guidestrasbourg.com\/en\/wp-json\/wp\/v2\/pages"}],"about":[{"href":"https:\/\/guidestrasbourg.com\/en\/wp-json\/wp\/v2\/types\/page"}],"author":[{"embeddable":true,"href":"https:\/\/guidestrasbourg.com\/en\/wp-json\/wp\/v2\/users\/3"}],"replies":[{"embeddable":true,"href":"https:\/\/guidestrasbourg.com\/en\/wp-json\/wp\/v2\/comments?post=168"}],"version-history":[{"count":25,"href":"https:\/\/guidestrasbourg.com\/en\/wp-json\/wp\/v2\/pages\/168\/revisions"}],"predecessor-version":[{"id":417,"href":"https:\/\/guidestrasbourg.com\/en\/wp-json\/wp\/v2\/pages\/168\/revisions\/417"}],"wp:attachment":[{"href":"https:\/\/guidestrasbourg.com\/en\/wp-json\/wp\/v2\/media?parent=168"}],"curies":[{"name":"wp","href":"https:\/\/api.w.org\/{rel}","templated":true}]}}